{"id":3363,"date":"2025-12-09T13:47:05","date_gmt":"2025-12-09T11:47:05","guid":{"rendered":"https:\/\/www.kip.fi\/member-companies\/port-of-kokkola\/"},"modified":"2026-01-21T20:08:55","modified_gmt":"2026-01-21T18:08:55","slug":"port-of-kokkola","status":"publish","type":"page","link":"https:\/\/www.kip.fi\/en\/member-companies\/port-of-kokkola\/","title":{"rendered":"Port of Kokkola"},"content":{"rendered":"\t\t<div data-elementor-type=\"wp-page\" data-elementor-id=\"3363\" class=\"elementor elementor-3363 elementor-2461\" data-elementor-post-type=\"page\">\n\t\t\t\t<section class=\"elementor-element elementor-element-0de9a48 e-flex e-con-boxed e-con e-parent\" data-id=\"0de9a48\" data-element_type=\"container\" data-e-type=\"container\" data-settings=\"{&quot;background_background&quot;:&quot;classic&quot;,&quot;_ob_use_container_extras&quot;:&quot;no&quot;,&quot;_ob_column_hoveranimator&quot;:&quot;no&quot;,&quot;_ob_glider_is_slider&quot;:&quot;no&quot;,&quot;_ob_column_has_pseudo&quot;:&quot;no&quot;}\">\n\t\t\t\t\t<div class=\"e-con-inner\">\n\t\t\t\t<div class=\"elementor-element elementor-element-ca22a11 ob-harakiri-inherit ob-has-background-overlay elementor-widget elementor-widget-heading\" data-id=\"ca22a11\" data-element_type=\"widget\" data-e-type=\"widget\" data-settings=\"{&quot;_ob_use_harakiri&quot;:&quot;yes&quot;,&quot;_ob_harakiri_writing_mode&quot;:&quot;inherit&quot;,&quot;_ob_harakiri_text_clip&quot;:&quot;none&quot;,&quot;_ob_widget_stalker_use&quot;:&quot;no&quot;,&quot;_ob_poopart_use&quot;:&quot;yes&quot;,&quot;_ob_shadough_use&quot;:&quot;no&quot;,&quot;_ob_allow_hoveranimator&quot;:&quot;no&quot;}\" data-widget_type=\"heading.default\">\n\t\t\t\t\t<div class=\"elementor-heading-title elementor-size-default\"><b>KIP<\/b> member<\/div>\t\t\t\t<\/div>\n\t\t\t\t<div class=\"elementor-element elementor-element-ccbfb11 ob-harakiri-inherit ob-has-background-overlay elementor-widget elementor-widget-heading\" data-id=\"ccbfb11\" data-element_type=\"widget\" data-e-type=\"widget\" data-settings=\"{&quot;_ob_use_harakiri&quot;:&quot;yes&quot;,&quot;_ob_harakiri_writing_mode&quot;:&quot;inherit&quot;,&quot;_ob_harakiri_text_clip&quot;:&quot;none&quot;,&quot;_ob_widget_stalker_use&quot;:&quot;no&quot;,&quot;_ob_poopart_use&quot;:&quot;yes&quot;,&quot;_ob_shadough_use&quot;:&quot;no&quot;,&quot;_ob_allow_hoveranimator&quot;:&quot;no&quot;}\" data-widget_type=\"heading.default\">\n\t\t\t\t\t<h1 class=\"elementor-heading-title elementor-size-default\">Port of Kokkola<\/h1>\t\t\t\t<\/div>\n\t\t\t\t\t<\/div>\n\t\t\t\t<\/section>\n\t\t<div class=\"elementor-element elementor-element-96794aa e-flex e-con-boxed e-con e-parent\" data-id=\"96794aa\" data-element_type=\"container\" data-e-type=\"container\" data-settings=\"{&quot;_ob_use_container_extras&quot;:&quot;no&quot;,&quot;_ob_column_hoveranimator&quot;:&quot;no&quot;,&quot;_ob_glider_is_slider&quot;:&quot;no&quot;,&quot;_ob_column_has_pseudo&quot;:&quot;no&quot;}\">\n\t\t\t\t\t<div class=\"e-con-inner\">\n\t\t\t\t<div class=\"elementor-element elementor-element-deab494 ob-has-background-overlay elementor-widget elementor-widget-spacer\" data-id=\"deab494\" data-element_type=\"widget\" data-e-type=\"widget\" data-settings=\"{&quot;_ob_spacerat_use&quot;:&quot;no&quot;,&quot;_ob_widget_stalker_use&quot;:&quot;no&quot;,&quot;_ob_poopart_use&quot;:&quot;yes&quot;,&quot;_ob_shadough_use&quot;:&quot;no&quot;,&quot;_ob_allow_hoveranimator&quot;:&quot;no&quot;}\" data-widget_type=\"spacer.default\">\n\t\t\t\t\t\t\t<div class=\"elementor-spacer\">\n\t\t\t<div class=\"elementor-spacer-inner\"><\/div>\n\t\t<\/div>\n\t\t\t\t\t\t<\/div>\n\t\t\t\t<div class=\"elementor-element elementor-element-080db64 ob-harakiri-inherit ob-has-background-overlay elementor-widget elementor-widget-heading\" data-id=\"080db64\" data-element_type=\"widget\" data-e-type=\"widget\" data-settings=\"{&quot;_ob_use_harakiri&quot;:&quot;yes&quot;,&quot;_ob_harakiri_writing_mode&quot;:&quot;inherit&quot;,&quot;_ob_harakiri_text_clip&quot;:&quot;none&quot;,&quot;_ob_widget_stalker_use&quot;:&quot;no&quot;,&quot;_ob_poopart_use&quot;:&quot;yes&quot;,&quot;_ob_shadough_use&quot;:&quot;no&quot;,&quot;_ob_allow_hoveranimator&quot;:&quot;no&quot;}\" data-widget_type=\"heading.default\">\n\t\t\t\t\t<h2 class=\"elementor-heading-title elementor-size-default\">Port of Kokkola \u2013 Efficiency, Sustainability, and Diverse Expertise<\/h2>\t\t\t\t<\/div>\n\t\t\t\t<div class=\"elementor-element elementor-element-1045df4 ob-harakiri-inherit ob-has-background-overlay elementor-widget elementor-widget-text-editor\" data-id=\"1045df4\" data-element_type=\"widget\" data-e-type=\"widget\" data-settings=\"{&quot;_ob_use_harakiri&quot;:&quot;yes&quot;,&quot;_ob_harakiri_writing_mode&quot;:&quot;inherit&quot;,&quot;_ob_postman_use&quot;:&quot;no&quot;,&quot;_ob_widget_stalker_use&quot;:&quot;no&quot;,&quot;_ob_poopart_use&quot;:&quot;yes&quot;,&quot;_ob_shadough_use&quot;:&quot;no&quot;,&quot;_ob_allow_hoveranimator&quot;:&quot;no&quot;}\" data-widget_type=\"text-editor.default\">\n\t\t\t\t\t\t\t\t\t<p><span style=\"font-weight: 400;\">The Port of Kokkola is one of Finland\u2019s most significant port complexes, combining modern infrastructure, specialized expertise, and a strong commitment to sustainable development. The port reliably serves international trade through three complementary sections: the Deep Port, the Silverstone Port and the General Port. Satama palvelee kansainv\u00e4list\u00e4 kauppaa luotettavasti kolmen toisiaan t\u00e4ydent\u00e4v\u00e4n satamanosan, Syv\u00e4sataman, Hopeakiven sataman ja Kantasataman voimin.<\/span><\/p>\t\t\t\t\t\t\t\t<\/div>\n\t\t\t\t<div class=\"elementor-element elementor-element-9d2cd1c ob-has-background-overlay elementor-widget elementor-widget-image\" data-id=\"9d2cd1c\" data-element_type=\"widget\" data-e-type=\"widget\" data-settings=\"{&quot;_ob_photomorph_use&quot;:&quot;no&quot;,&quot;_ob_widget_stalker_use&quot;:&quot;no&quot;,&quot;_ob_poopart_use&quot;:&quot;yes&quot;,&quot;_ob_shadough_use&quot;:&quot;no&quot;,&quot;_ob_allow_hoveranimator&quot;:&quot;no&quot;}\" data-widget_type=\"image.default\">\n\t\t\t\t\t\t\t\t\t\t\t\t\t\t\t<img fetchpriority=\"high\" decoding=\"async\" width=\"1076\" height=\"717\" src=\"https:\/\/www.kip.fi\/wp-content\/uploads\/2025\/12\/5_AWT_Kantasatama-copy.webp\" class=\"attachment-large size-large wp-image-3114\" alt=\"\" srcset=\"https:\/\/www.kip.fi\/wp-content\/uploads\/2025\/12\/5_AWT_Kantasatama-copy.webp 1076w, https:\/\/www.kip.fi\/wp-content\/uploads\/2025\/12\/5_AWT_Kantasatama-copy-768x512.webp 768w\" sizes=\"(max-width: 1076px) 100vw, 1076px\" \/>\t\t\t\t\t\t\t\t\t\t\t\t\t\t\t<\/div>\n\t\t\t\t<div class=\"elementor-element elementor-element-8ca88dd ob-harakiri-inherit ob-has-background-overlay elementor-widget elementor-widget-text-editor\" data-id=\"8ca88dd\" data-element_type=\"widget\" data-e-type=\"widget\" data-settings=\"{&quot;_ob_use_harakiri&quot;:&quot;yes&quot;,&quot;_ob_harakiri_writing_mode&quot;:&quot;inherit&quot;,&quot;_ob_postman_use&quot;:&quot;no&quot;,&quot;_ob_widget_stalker_use&quot;:&quot;no&quot;,&quot;_ob_poopart_use&quot;:&quot;yes&quot;,&quot;_ob_shadough_use&quot;:&quot;no&quot;,&quot;_ob_allow_hoveranimator&quot;:&quot;no&quot;}\" data-widget_type=\"text-editor.default\">\n\t\t\t\t\t\t\t\t\t<p>The Deep Port serves as an efficient hub for bulk traffic. Its 14.2-meter deep-water channel allows the safe transit of the giants of the sea, such as Capesize and Panamax vessels. Modern cranes and conveyor systems ensure fast handling: at best, a Panamax vessel can be loaded in under three days. Large single shipments reduce the number of port calls, enhancing cost-efficiency and minimizing the environmental impact of transport.<\/p><p>The Silverstone Port is a versatile and growing service centre, which has developed into a multi-purpose service port since 2009. The extensive port fields enable the simultaneous handling of various types of goods. The landmark of Silverstone is the massive, 17-row high STS gantry container crane named &#8220;M\u00f6rk\u00f6&#8221; (the Groke). Named after ice hockey legend Marko Anttila, the 800-ton crane was modernized on site, reflecting the port&#8217;s sustainable operating approach. M\u00f6rk\u00f6 ensures fast and reliable container connections to global markets, providing capacity for future growth.<\/p><p>The General Port offers unique weather resilience, thanks to the largest All-Weather Terminal (AWT) in Europe and the only one in the Nordic countries, which enables the handling of sensitive general cargo protected from the weather. Furthermore, the General Port specializes in the careful handling of light bulk (e.g., limestone). The General Port also boasts extensive storage capacity, including 48,000 square meters of warehouse and terminal space for general cargo and light bulk, in addition to wide open field areas.<\/p>\t\t\t\t\t\t\t\t<\/div>\n\t\t\t\t<div class=\"elementor-element elementor-element-1cd25a6 ob-has-background-overlay elementor-widget elementor-widget-image\" data-id=\"1cd25a6\" data-element_type=\"widget\" data-e-type=\"widget\" data-settings=\"{&quot;_ob_photomorph_use&quot;:&quot;no&quot;,&quot;_ob_widget_stalker_use&quot;:&quot;no&quot;,&quot;_ob_poopart_use&quot;:&quot;yes&quot;,&quot;_ob_shadough_use&quot;:&quot;no&quot;,&quot;_ob_allow_hoveranimator&quot;:&quot;no&quot;}\" data-widget_type=\"image.default\">\n\t\t\t\t\t\t\t\t\t\t\t\t\t\t\t<img decoding=\"async\" width=\"1500\" height=\"1124\" src=\"https:\/\/www.kip.fi\/wp-content\/uploads\/2025\/12\/CSSC-Le-Havre-2-copy.webp\" class=\"attachment-large size-large wp-image-3361\" alt=\"\" srcset=\"https:\/\/www.kip.fi\/wp-content\/uploads\/2025\/12\/CSSC-Le-Havre-2-copy.webp 1500w, https:\/\/www.kip.fi\/wp-content\/uploads\/2025\/12\/CSSC-Le-Havre-2-copy-768x575.webp 768w\" sizes=\"(max-width: 1500px) 100vw, 1500px\" \/>\t\t\t\t\t\t\t\t\t\t\t\t\t\t\t<\/div>\n\t\t\t\t<div class=\"elementor-element elementor-element-7ca8119 ob-has-background-overlay elementor-widget elementor-widget-image\" data-id=\"7ca8119\" data-element_type=\"widget\" data-e-type=\"widget\" data-settings=\"{&quot;_ob_photomorph_use&quot;:&quot;no&quot;,&quot;_ob_widget_stalker_use&quot;:&quot;no&quot;,&quot;_ob_poopart_use&quot;:&quot;yes&quot;,&quot;_ob_shadough_use&quot;:&quot;no&quot;,&quot;_ob_allow_hoveranimator&quot;:&quot;no&quot;}\" data-widget_type=\"image.default\">\n\t\t\t\t\t\t\t\t\t\t\t\t\t\t\t<img decoding=\"async\" width=\"1667\" height=\"1111\" src=\"https:\/\/www.kip.fi\/wp-content\/uploads\/2025\/12\/15195_6w5a0224-copy.webp\" class=\"attachment-large size-large wp-image-3362\" alt=\"\" srcset=\"https:\/\/www.kip.fi\/wp-content\/uploads\/2025\/12\/15195_6w5a0224-copy.webp 1667w, https:\/\/www.kip.fi\/wp-content\/uploads\/2025\/12\/15195_6w5a0224-copy-768x512.webp 768w, https:\/\/www.kip.fi\/wp-content\/uploads\/2025\/12\/15195_6w5a0224-copy-1536x1024.webp 1536w\" sizes=\"(max-width: 1667px) 100vw, 1667px\" \/>\t\t\t\t\t\t\t\t\t\t\t\t\t\t\t<\/div>\n\t\t\t\t<div class=\"elementor-element elementor-element-6734b8c ob-harakiri-inherit ob-has-background-overlay elementor-widget elementor-widget-heading\" data-id=\"6734b8c\" data-element_type=\"widget\" data-e-type=\"widget\" data-settings=\"{&quot;_ob_use_harakiri&quot;:&quot;yes&quot;,&quot;_ob_harakiri_writing_mode&quot;:&quot;inherit&quot;,&quot;_ob_harakiri_text_clip&quot;:&quot;none&quot;,&quot;_ob_widget_stalker_use&quot;:&quot;no&quot;,&quot;_ob_poopart_use&quot;:&quot;yes&quot;,&quot;_ob_shadough_use&quot;:&quot;no&quot;,&quot;_ob_allow_hoveranimator&quot;:&quot;no&quot;}\" data-widget_type=\"heading.default\">\n\t\t\t\t\t<h2 class=\"elementor-heading-title elementor-size-default\">Versatile Logistics Services<\/h2>\t\t\t\t<\/div>\n\t\t\t\t<div class=\"elementor-element elementor-element-ffe7471 ob-harakiri-inherit ob-has-background-overlay elementor-widget elementor-widget-text-editor\" data-id=\"ffe7471\" data-element_type=\"widget\" data-e-type=\"widget\" data-settings=\"{&quot;_ob_use_harakiri&quot;:&quot;yes&quot;,&quot;_ob_harakiri_writing_mode&quot;:&quot;inherit&quot;,&quot;_ob_postman_use&quot;:&quot;no&quot;,&quot;_ob_widget_stalker_use&quot;:&quot;no&quot;,&quot;_ob_poopart_use&quot;:&quot;yes&quot;,&quot;_ob_shadough_use&quot;:&quot;no&quot;,&quot;_ob_allow_hoveranimator&quot;:&quot;no&quot;}\" data-widget_type=\"text-editor.default\">\n\t\t\t\t\t\t\t\t\t<p>In addition to traditional port services (such as crane, warehousing, and special terminal services), the Port of Kokkola offers tailored comprehensive logistics solutions in cooperation with its partner network. This comprehensive end-to-end logistics solution guarantees customers everything they need from a single location. When the logistics chain is managed seamlessly, customers can concentrate on their core business. The flexibility of the service ensures that individual needs are always taken into account.<\/p>\t\t\t\t\t\t\t\t<\/div>\n\t\t\t\t<div class=\"elementor-element elementor-element-bec393c elementor-align-left elementor-widget__width-inherit ob-has-background-overlay elementor-widget elementor-widget-button\" data-id=\"bec393c\" data-element_type=\"widget\" data-e-type=\"widget\" data-settings=\"{&quot;_ob_butterbutton_use_it&quot;:&quot;no&quot;,&quot;_ob_widget_stalker_use&quot;:&quot;no&quot;,&quot;_ob_poopart_use&quot;:&quot;yes&quot;,&quot;_ob_shadough_use&quot;:&quot;no&quot;,&quot;_ob_allow_hoveranimator&quot;:&quot;no&quot;}\" data-widget_type=\"button.default\">\n\t\t\t\t\t\t\t\t\t\t<a class=\"elementor-button elementor-button-link elementor-size-sm\" href=\"https:\/\/portofkokkola.fi\/\" target=\"_blank\">\n\t\t\t\t\t\t<span class=\"elementor-button-content-wrapper\">\n\t\t\t\t\t\t<span class=\"elementor-button-icon\">\n\t\t\t\t<svg xmlns=\"http:\/\/www.w3.org\/2000\/svg\" width=\"90\" height=\"33\" viewBox=\"0 0 90 33\" fill=\"currentColor\"><path d=\"M73.36 0L72.65 0.709999L87.79 15.85H0V16.85H87.79L72.65 32L73.36 32.71L89 17.06L89.36 16.71L89.71 16.35L73.36 0Z\"><\/path><\/svg>\t\t\t<\/span>\n\t\t\t\t\t\t\t\t\t<span class=\"elementor-button-text\">Port of Kokkola website<\/span>\n\t\t\t\t\t<\/span>\n\t\t\t\t\t<\/a>\n\t\t\t\t\t\t\t\t<\/div>\n\t\t\t\t<div class=\"elementor-element elementor-element-bd58c8f elementor-align-left elementor-widget__width-inherit ob-has-background-overlay elementor-widget elementor-widget-button\" data-id=\"bd58c8f\" data-element_type=\"widget\" data-e-type=\"widget\" data-settings=\"{&quot;_ob_butterbutton_use_it&quot;:&quot;no&quot;,&quot;_ob_widget_stalker_use&quot;:&quot;no&quot;,&quot;_ob_poopart_use&quot;:&quot;yes&quot;,&quot;_ob_shadough_use&quot;:&quot;no&quot;,&quot;_ob_allow_hoveranimator&quot;:&quot;no&quot;}\" data-widget_type=\"button.default\">\n\t\t\t\t\t\t\t\t\t\t<a class=\"elementor-button elementor-button-link elementor-size-sm\" href=\"http:\/\/linkedin.com\/company\/port-of-kokkola\" target=\"_blank\">\n\t\t\t\t\t\t<span class=\"elementor-button-content-wrapper\">\n\t\t\t\t\t\t<span class=\"elementor-button-icon\">\n\t\t\t\t<svg xmlns=\"http:\/\/www.w3.org\/2000\/svg\" width=\"90\" height=\"33\" viewBox=\"0 0 90 33\" fill=\"currentColor\"><path d=\"M73.36 0L72.65 0.709999L87.79 15.85H0V16.85H87.79L72.65 32L73.36 32.71L89 17.06L89.36 16.71L89.71 16.35L73.36 0Z\"><\/path><\/svg>\t\t\t<\/span>\n\t\t\t\t\t\t\t\t\t<span class=\"elementor-button-text\">LinkedIn<\/span>\n\t\t\t\t\t<\/span>\n\t\t\t\t\t<\/a>\n\t\t\t\t\t\t\t\t<\/div>\n\t\t\t\t\t<\/div>\n\t\t\t\t<\/div>\n\t\t<section class=\"elementor-element elementor-element-fdcea9f e-flex e-con-boxed e-con e-parent\" data-id=\"fdcea9f\" data-element_type=\"container\" data-e-type=\"container\" data-settings=\"{&quot;background_background&quot;:&quot;classic&quot;,&quot;_ob_use_container_extras&quot;:&quot;no&quot;,&quot;_ob_column_hoveranimator&quot;:&quot;no&quot;,&quot;_ob_glider_is_slider&quot;:&quot;no&quot;,&quot;_ob_column_has_pseudo&quot;:&quot;no&quot;}\">\n\t\t\t\t\t<div class=\"e-con-inner\">\n\t\t\t\t<div class=\"elementor-element elementor-element-07725fe ob-harakiri-inherit ob-has-background-overlay elementor-widget elementor-widget-text-editor\" data-id=\"07725fe\" data-element_type=\"widget\" data-e-type=\"widget\" data-settings=\"{&quot;_ob_use_harakiri&quot;:&quot;yes&quot;,&quot;_ob_harakiri_writing_mode&quot;:&quot;inherit&quot;,&quot;_ob_postman_use&quot;:&quot;no&quot;,&quot;_ob_widget_stalker_use&quot;:&quot;no&quot;,&quot;_ob_poopart_use&quot;:&quot;yes&quot;,&quot;_ob_shadough_use&quot;:&quot;no&quot;,&quot;_ob_allow_hoveranimator&quot;:&quot;no&quot;}\" data-widget_type=\"text-editor.default\">\n\t\t\t\t\t\t\t\t\t<p><span style=\"font-weight: 400;\"><strong>Kokkolan Satama Oy<\/strong><br>Kan\u00adta\u00adsa\u00adta\u00adman\u00adtie 50<br>67900 Kok\u00adko\u00adla<br>Tel. 06 8242 400<br><a href=\"https:\/\/www.portofkokkola.fi\/port\/\">https:\/\/portofkokkola.fi\/en\/port-of-kokkola\/<\/a><\/span><\/p>\t\t\t\t\t\t\t\t<\/div>\n\t\t\t\t\t<\/div>\n\t\t\t\t<\/section>\n\t\t\t\t<\/div>\n\t\t","protected":false},"excerpt":{"rendered":"<p>KIP member Port of Kokkola \u2013 Efficiency, Sustainability, and Diverse Expertise The Port of Kokkola is one of Finland\u2019s most significant port complexes, combining modern infrastructure, specialized expertise, and a strong commitment to sustainable development. The port reliably serves international trade through three complementary sections: the Deep Port, the Silverstone Port and the General Port. [&hellip;]<\/p>\n","protected":false},"author":2,"featured_media":0,"parent":3059,"menu_order":0,"comment_status":"closed","ping_status":"closed","template":"","meta":{"_acf_changed":false,"_seopress_robots_primary_cat":"","_seopress_titles_title":"","_seopress_titles_desc":"","_seopress_robots_index":"","footnotes":""},"hf_cat_page":[15],"class_list":["post-3363","page","type-page","status-publish","hentry"],"acf":[],"_links":{"self":[{"href":"https:\/\/www.kip.fi\/en\/wp-json\/wp\/v2\/pages\/3363","targetHints":{"allow":["GET"]}}],"collection":[{"href":"https:\/\/www.kip.fi\/en\/wp-json\/wp\/v2\/pages"}],"about":[{"href":"https:\/\/www.kip.fi\/en\/wp-json\/wp\/v2\/types\/page"}],"author":[{"embeddable":true,"href":"https:\/\/www.kip.fi\/en\/wp-json\/wp\/v2\/users\/2"}],"replies":[{"embeddable":true,"href":"https:\/\/www.kip.fi\/en\/wp-json\/wp\/v2\/comments?post=3363"}],"version-history":[{"count":5,"href":"https:\/\/www.kip.fi\/en\/wp-json\/wp\/v2\/pages\/3363\/revisions"}],"predecessor-version":[{"id":3951,"href":"https:\/\/www.kip.fi\/en\/wp-json\/wp\/v2\/pages\/3363\/revisions\/3951"}],"up":[{"embeddable":true,"href":"https:\/\/www.kip.fi\/en\/wp-json\/wp\/v2\/pages\/3059"}],"wp:attachment":[{"href":"https:\/\/www.kip.fi\/en\/wp-json\/wp\/v2\/media?parent=3363"}],"wp:term":[{"taxonomy":"hf_cat_page","embeddable":true,"href":"https:\/\/www.kip.fi\/en\/wp-json\/wp\/v2\/hf_cat_page?post=3363"}],"curies":[{"name":"wp","href":"https:\/\/api.w.org\/{rel}","templated":true}]}}